{"id":913,"date":"2024-07-10T09:47:13","date_gmt":"2024-07-10T12:47:13","guid":{"rendered":"https:\/\/arcdynamics.com.br\/events\/"},"modified":"2024-07-24T11:04:43","modified_gmt":"2024-07-24T14:04:43","slug":"events","status":"publish","type":"page","link":"https:\/\/arcdynamics.com.br\/en\/events\/","title":{"rendered":"Events"},"content":{"rendered":"\t\t<div data-elementor-type=\"wp-page\" data-elementor-id=\"913\" class=\"elementor elementor-913 elementor-629\" data-elementor-post-type=\"page\">\n\t\t\t\t<div class=\"elementor-element elementor-element-4d06e9a e-flex e-con-boxed e-con e-parent\" data-id=\"4d06e9a\" data-element_type=\"container\" data-e-type=\"container\" data-settings=\"{&quot;background_background&quot;:&quot;classic&quot;}\">\n\t\t\t\t\t<div class=\"e-con-inner\">\n\t\t\t\t<div class=\"elementor-element elementor-element-d3657b3 elementor-widget elementor-widget-heading\" data-id=\"d3657b3\" data-element_type=\"widget\" data-e-type=\"widget\" data-widget_type=\"heading.default\">\n\t\t\t\t<div class=\"elementor-widget-container\">\n\t\t\t\t\t<h2 class=\"elementor-heading-title elementor-size-default\">Events<\/h2>\t\t\t\t<\/div>\n\t\t\t\t<\/div>\n\t\t\t\t<div class=\"elementor-element elementor-element-29659f6 elementor-widget elementor-widget-text-editor\" data-id=\"29659f6\" data-element_type=\"widget\" data-e-type=\"widget\" data-widget_type=\"text-editor.default\">\n\t\t\t\t<div class=\"elementor-widget-container\">\n\t\t\t\t\t\t\t\t\t<p>Arcdynamics present at important events.<\/p>\n\t\t\t\t\t\t\t\t<\/div>\n\t\t\t\t<\/div>\n\t\t\t\t\t<\/div>\n\t\t\t\t<\/div>\n\t\t<div class=\"elementor-element elementor-element-df915a5 e-flex e-con-boxed e-con e-parent\" data-id=\"df915a5\" data-element_type=\"container\" data-e-type=\"container\">\n\t\t\t\t\t<div class=\"e-con-inner\">\n\t\t\t\t<div class=\"elementor-element elementor-element-72b4cae elementor-widget elementor-widget-heading\" data-id=\"72b4cae\" data-element_type=\"widget\" data-e-type=\"widget\" data-widget_type=\"heading.default\">\n\t\t\t\t<div class=\"elementor-widget-container\">\n\t\t\t\t\t<h2 class=\"elementor-heading-title elementor-size-default\">EVENTS<\/h2>\t\t\t\t<\/div>\n\t\t\t\t<\/div>\n\t\t\t\t\t<\/div>\n\t\t\t\t<\/div>\n\t\t<div class=\"elementor-element elementor-element-31f965d e-grid e-con-boxed e-con e-parent\" data-id=\"31f965d\" data-element_type=\"container\" data-e-type=\"container\">\n\t\t\t\t\t<div class=\"e-con-inner\">\n\t\t\t\t<div class=\"elementor-element elementor-element-e4709da elementor-widget elementor-widget-image\" data-id=\"e4709da\" data-element_type=\"widget\" data-e-type=\"widget\" data-widget_type=\"image.default\">\n\t\t\t\t<div class=\"elementor-widget-container\">\n\t\t\t\t\t\t\t\t\t\t\t\t\t\t\t\t<a href=\"https:\/\/www.even3.com.br\/1-forum-internacional-de-ciencias-policiais-409064\/\" target=\"_blank\">\n\t\t\t\t\t\t\t<img fetchpriority=\"high\" decoding=\"async\" width=\"625\" height=\"375\" src=\"https:\/\/arcdynamics.com.br\/wp-content\/uploads\/2024\/07\/eventos01.png\" class=\"attachment-full size-full wp-image-866\" alt=\"\" srcset=\"https:\/\/arcdynamics.com.br\/wp-content\/uploads\/2024\/07\/eventos01.png 625w, https:\/\/arcdynamics.com.br\/wp-content\/uploads\/2024\/07\/eventos01-300x180.png 300w, https:\/\/arcdynamics.com.br\/wp-content\/uploads\/2024\/07\/eventos01-600x360.png 600w\" sizes=\"(max-width: 625px) 100vw, 625px\" \/>\t\t\t\t\t\t\t\t<\/a>\n\t\t\t\t\t\t\t\t\t\t\t\t\t\t\t<\/div>\n\t\t\t\t<\/div>\n\t\t\t\t<div class=\"elementor-element elementor-element-b4c232c elementor-widget elementor-widget-image\" data-id=\"b4c232c\" data-element_type=\"widget\" data-e-type=\"widget\" data-widget_type=\"image.default\">\n\t\t\t\t<div class=\"elementor-widget-container\">\n\t\t\t\t\t\t\t\t\t\t\t\t\t\t\t\t<a href=\"https:\/\/www.clusternaval.org.br\/seminario-de-convergencia-de-tecnologias-na-economia-do-mar\/\" target=\"_blank\">\n\t\t\t\t\t\t\t<img decoding=\"async\" width=\"625\" height=\"375\" src=\"https:\/\/arcdynamics.com.br\/wp-content\/uploads\/2024\/07\/eventos02.png\" class=\"attachment-full size-full wp-image-867\" alt=\"\" srcset=\"https:\/\/arcdynamics.com.br\/wp-content\/uploads\/2024\/07\/eventos02.png 625w, https:\/\/arcdynamics.com.br\/wp-content\/uploads\/2024\/07\/eventos02-300x180.png 300w, https:\/\/arcdynamics.com.br\/wp-content\/uploads\/2024\/07\/eventos02-600x360.png 600w\" sizes=\"(max-width: 625px) 100vw, 625px\" \/>\t\t\t\t\t\t\t\t<\/a>\n\t\t\t\t\t\t\t\t\t\t\t\t\t\t\t<\/div>\n\t\t\t\t<\/div>\n\t\t\t\t<div class=\"elementor-element elementor-element-a88003f elementor-widget elementor-widget-image\" data-id=\"a88003f\" data-element_type=\"widget\" data-e-type=\"widget\" data-widget_type=\"image.default\">\n\t\t\t\t<div class=\"elementor-widget-container\">\n\t\t\t\t\t\t\t\t\t\t\t\t\t\t\t\t<a href=\"https:\/\/youtu.be\/PFOwwsUHei0?si=ZZ_75EkQM-OxHPXL\" target=\"_blank\">\n\t\t\t\t\t\t\t<img decoding=\"async\" width=\"1920\" height=\"1080\" src=\"https:\/\/arcdynamics.com.br\/wp-content\/uploads\/2024\/07\/FIRJAN-IEL-Jornada-Imersiva.jpg\" class=\"attachment-full size-full wp-image-956\" alt=\"FIRJAN IEL Jornada Imersiva\" srcset=\"https:\/\/arcdynamics.com.br\/wp-content\/uploads\/2024\/07\/FIRJAN-IEL-Jornada-Imersiva.jpg 1920w, https:\/\/arcdynamics.com.br\/wp-content\/uploads\/2024\/07\/FIRJAN-IEL-Jornada-Imersiva-300x169.jpg 300w, https:\/\/arcdynamics.com.br\/wp-content\/uploads\/2024\/07\/FIRJAN-IEL-Jornada-Imersiva-1024x576.jpg 1024w, https:\/\/arcdynamics.com.br\/wp-content\/uploads\/2024\/07\/FIRJAN-IEL-Jornada-Imersiva-768x432.jpg 768w, https:\/\/arcdynamics.com.br\/wp-content\/uploads\/2024\/07\/FIRJAN-IEL-Jornada-Imersiva-1536x864.jpg 1536w, https:\/\/arcdynamics.com.br\/wp-content\/uploads\/2024\/07\/FIRJAN-IEL-Jornada-Imersiva-600x338.jpg 600w\" sizes=\"(max-width: 1920px) 100vw, 1920px\" \/>\t\t\t\t\t\t\t\t<\/a>\n\t\t\t\t\t\t\t\t\t\t\t\t\t\t\t<\/div>\n\t\t\t\t<\/div>\n\t\t\t\t<div class=\"elementor-element elementor-element-7ce6576 elementor-widget elementor-widget-image\" data-id=\"7ce6576\" data-element_type=\"widget\" data-e-type=\"widget\" data-widget_type=\"image.default\">\n\t\t\t\t<div class=\"elementor-widget-container\">\n\t\t\t\t\t\t\t\t\t\t\t\t\t\t\t\t<a href=\"https:\/\/www.navalshore.com.br\/pt\/conferencia-2024\/conferencia-2024-oficial\" target=\"_blank\">\n\t\t\t\t\t\t\t<img loading=\"lazy\" decoding=\"async\" width=\"721\" height=\"513\" src=\"https:\/\/arcdynamics.com.br\/wp-content\/uploads\/2024\/07\/NAVALSHORE-eventos.jpg\" class=\"attachment-large size-large wp-image-952\" alt=\"NAVALSHORE Feira e Confer\u00eancia da Ind\u00fastria Mar\u00edtima\" srcset=\"https:\/\/arcdynamics.com.br\/wp-content\/uploads\/2024\/07\/NAVALSHORE-eventos.jpg 721w, https:\/\/arcdynamics.com.br\/wp-content\/uploads\/2024\/07\/NAVALSHORE-eventos-300x213.jpg 300w, https:\/\/arcdynamics.com.br\/wp-content\/uploads\/2024\/07\/NAVALSHORE-eventos-600x427.jpg 600w\" sizes=\"(max-width: 721px) 100vw, 721px\" \/>\t\t\t\t\t\t\t\t<\/a>\n\t\t\t\t\t\t\t\t\t\t\t\t\t\t\t<\/div>\n\t\t\t\t<\/div>\n\t\t\t\t\t<\/div>\n\t\t\t\t<\/div>\n\t\t\t\t<\/div>\n\t\t","protected":false},"excerpt":{"rendered":"<p>Arcdynamics present at important events. EVENTS<\/p>\n","protected":false},"author":1,"featured_media":0,"parent":0,"menu_order":0,"comment_status":"closed","ping_status":"closed","template":"","meta":{"site-sidebar-layout":"no-sidebar","site-content-layout":"","ast-site-content-layout":"full-width-container","site-content-style":"default","site-sidebar-style":"default","ast-global-header-display":"","ast-banner-title-visibility":"","ast-main-header-display":"","ast-hfb-above-header-display":"","ast-hfb-below-header-display":"","ast-hfb-mobile-header-display":"","site-post-title":"disabled","ast-breadcrumbs-content":"","ast-featured-img":"disabled","footer-sml-layout":"","ast-disable-related-posts":"","theme-transparent-header-meta":"","adv-header-id-meta":"","stick-header-meta":"","header-above-stick-meta":"","header-main-stick-meta":"","header-below-stick-meta":"","astra-migrate-meta-layouts":"default","ast-page-background-enabled":"default","ast-page-background-meta":{"desktop":{"background-color":"var(--ast-global-color-4)","background-image":"","background-repeat":"repeat","background-position":"center center","background-size":"auto","background-attachment":"scroll","background-type":"","background-media":"","overlay-type":"","overlay-color":"","overlay-opacity":"","overlay-gradient":""},"tablet":{"background-color":"","background-image":"","background-repeat":"repeat","background-position":"center center","background-size":"auto","background-attachment":"scroll","background-type":"","background-media":"","overlay-type":"","overlay-color":"","overlay-opacity":"","overlay-gradient":""},"mobile":{"background-color":"","background-image":"","background-repeat":"repeat","background-position":"center center","background-size":"auto","background-attachment":"scroll","background-type":"","background-media":"","overlay-type":"","overlay-color":"","overlay-opacity":"","overlay-gradient":""}},"ast-content-background-meta":{"desktop":{"background-color":"var(--ast-global-color-5)","background-image":"","background-repeat":"repeat","background-position":"center center","background-size":"auto","background-attachment":"scroll","background-type":"","background-media":"","overlay-type":"","overlay-color":"","overlay-opacity":"","overlay-gradient":""},"tablet":{"background-color":"var(--ast-global-color-5)","background-image":"","background-repeat":"repeat","background-position":"center center","background-size":"auto","background-attachment":"scroll","background-type":"","background-media":"","overlay-type":"","overlay-color":"","overlay-opacity":"","overlay-gradient":""},"mobile":{"background-color":"var(--ast-global-color-5)","background-image":"","background-repeat":"repeat","background-position":"center center","background-size":"auto","background-attachment":"scroll","background-type":"","background-media":"","overlay-type":"","overlay-color":"","overlay-opacity":"","overlay-gradient":""}},"footnotes":""},"class_list":["post-913","page","type-page","status-publish","hentry"],"_links":{"self":[{"href":"https:\/\/arcdynamics.com.br\/en\/wp-json\/wp\/v2\/pages\/913","targetHints":{"allow":["GET"]}}],"collection":[{"href":"https:\/\/arcdynamics.com.br\/en\/wp-json\/wp\/v2\/pages"}],"about":[{"href":"https:\/\/arcdynamics.com.br\/en\/wp-json\/wp\/v2\/types\/page"}],"author":[{"embeddable":true,"href":"https:\/\/arcdynamics.com.br\/en\/wp-json\/wp\/v2\/users\/1"}],"replies":[{"embeddable":true,"href":"https:\/\/arcdynamics.com.br\/en\/wp-json\/wp\/v2\/comments?post=913"}],"version-history":[{"count":2,"href":"https:\/\/arcdynamics.com.br\/en\/wp-json\/wp\/v2\/pages\/913\/revisions"}],"predecessor-version":[{"id":972,"href":"https:\/\/arcdynamics.com.br\/en\/wp-json\/wp\/v2\/pages\/913\/revisions\/972"}],"wp:attachment":[{"href":"https:\/\/arcdynamics.com.br\/en\/wp-json\/wp\/v2\/media?parent=913"}],"curies":[{"name":"wp","href":"https:\/\/api.w.org\/{rel}","templated":true}]}}